{"id":66,"date":"2022-04-17T15:21:52","date_gmt":"2022-04-17T13:21:52","guid":{"rendered":"http:\/\/gjahkwo.cluster031.hosting.ovh.net\/?page_id=66"},"modified":"2022-06-19T15:34:44","modified_gmt":"2022-06-19T13:34:44","slug":"contact","status":"publish","type":"page","link":"https:\/\/claroplast.fr\/index.php\/contact\/","title":{"rendered":"Nous contacter"},"content":{"rendered":"[vc_row type=\u00a0\u00bbfull_width_content\u00a0\u00bb full_screen_row_position=\u00a0\u00bbmiddle\u00a0\u00bb column_margin=\u00a0\u00bbdefault\u00a0\u00bb column_direction=\u00a0\u00bbdefault\u00a0\u00bb column_direction_tablet=\u00a0\u00bbdefault\u00a0\u00bb column_direction_phone=\u00a0\u00bbdefault\u00a0\u00bb bg_color=\u00a0\u00bb#2b323a\u00a0\u00bb bg_image=\u00a0\u00bb192&Prime; bg_position=\u00a0\u00bbcenter center\u00a0\u00bb background_image_loading=\u00a0\u00bbdefault\u00a0\u00bb bg_repeat=\u00a0\u00bbno-repeat\u00a0\u00bb scene_position=\u00a0\u00bbcenter\u00a0\u00bb top_padding=\u00a0\u00bb10%\u00a0\u00bb constrain_group_1=\u00a0\u00bbyes\u00a0\u00bb bottom_padding=\u00a0\u00bb10%\u00a0\u00bb left_padding_desktop=\u00a0\u00bb8%\u00a0\u00bb constrain_group_2=\u00a0\u00bbyes\u00a0\u00bb right_padding_desktop=\u00a0\u00bb8%\u00a0\u00bb text_color=\u00a0\u00bblight\u00a0\u00bb text_align=\u00a0\u00bbleft\u00a0\u00bb row_border_radius=\u00a0\u00bbnone\u00a0\u00bb row_border_radius_applies=\u00a0\u00bbbg\u00a0\u00bb zindex=\u00a0\u00bb100&Prime; overflow=\u00a0\u00bbhidden\u00a0\u00bb color_overlay=\u00a0\u00bbrgba(51,51,51,0.7)\u00a0\u00bb advanced_gradient_angle=\u00a0\u00bb0&Prime; overlay_strength=\u00a0\u00bb0.8&Prime; gradient_direction=\u00a0\u00bbradial\u00a0\u00bb shape_divider_position=\u00a0\u00bbbottom\u00a0\u00bb bg_image_animation=\u00a0\u00bbfade-in\u00a0\u00bb mobile_disable_bg_image_animation=\u00a0\u00bbtrue\u00a0\u00bb shape_type=\u00a0\u00bb\u00a0\u00bb gradient_type=\u00a0\u00bbdefault\u00a0\u00bb][vc_column column_padding=\u00a0\u00bbno-extra-padding\u00a0\u00bb column_padding_tablet=\u00a0\u00bbinherit\u00a0\u00bb column_padding_phone=\u00a0\u00bbinherit\u00a0\u00bb column_padding_position=\u00a0\u00bbtop-bottom\u00a0\u00bb column_element_spacing=\u00a0\u00bb0px\u00a0\u00bb background_color_opacity=\u00a0\u00bb1&Prime; background_hover_color_opacity=\u00a0\u00bb1&Prime; column_shadow=\u00a0\u00bbnone\u00a0\u00bb column_border_radius=\u00a0\u00bbnone\u00a0\u00bb column_link_target=\u00a0\u00bb_self\u00a0\u00bb column_position=\u00a0\u00bbstatic\u00a0\u00bb advanced_gradient_angle=\u00a0\u00bb0&Prime; gradient_direction=\u00a0\u00bbleft_to_right\u00a0\u00bb overlay_strength=\u00a0\u00bb0.3&Prime; width=\u00a0\u00bb1\/1&Prime; tablet_width_inherit=\u00a0\u00bbdefault\u00a0\u00bb tablet_text_alignment=\u00a0\u00bbdefault\u00a0\u00bb phone_text_alignment=\u00a0\u00bbdefault\u00a0\u00bb animation_type=\u00a0\u00bbdefault\u00a0\u00bb bg_image_animation=\u00a0\u00bbnone\u00a0\u00bb border_type=\u00a0\u00bbsimple\u00a0\u00bb column_border_width=\u00a0\u00bbnone\u00a0\u00bb column_border_style=\u00a0\u00bbsolid\u00a0\u00bb gradient_type=\u00a0\u00bbdefault\u00a0\u00bb][split_line_heading animation_type=\u00a0\u00bbline-reveal-by-space\u00a0\u00bb font_style=\u00a0\u00bbh1&Prime; text_color=\u00a0\u00bb#ffffff\u00a0\u00bb line_reveal_by_space_text_effect=\u00a0\u00bbletter-reveal-bottom\u00a0\u00bb stagger_animation=\u00a0\u00bbtrue\u00a0\u00bb mobile_disable_animation=\u00a0\u00bbtrue\u00a0\u00bb content_alignment=\u00a0\u00bbleft\u00a0\u00bb mobile_content_alignment=\u00a0\u00bbinherit\u00a0\u00bb link_target=\u00a0\u00bb_self\u00a0\u00bb text_content=\u00a0\u00bbNous contacter\u00a0\u00bb font_size=\u00a0\u00bb3vw\u00a0\u00bb font_line_height=\u00a0\u00bb0.95&Prime; font_size_tablet=\u00a0\u00bb10vw\u00a0\u00bb animation_delay=\u00a0\u00bb150&Prime;][\/split_line_heading][\/vc_column][\/vc_row][vc_row type=\u00a0\u00bbin_container\u00a0\u00bb full_screen_row_position=\u00a0\u00bbmiddle\u00a0\u00bb column_margin=\u00a0\u00bbdefault\u00a0\u00bb column_direction=\u00a0\u00bbdefault\u00a0\u00bb column_direction_tablet=\u00a0\u00bbdefault\u00a0\u00bb column_direction_phone=\u00a0\u00bbdefault\u00a0\u00bb scene_position=\u00a0\u00bbcenter\u00a0\u00bb text_color=\u00a0\u00bbdark\u00a0\u00bb text_align=\u00a0\u00bbleft\u00a0\u00bb row_border_radius=\u00a0\u00bbnone\u00a0\u00bb row_border_radius_applies=\u00a0\u00bbbg\u00a0\u00bb overflow=\u00a0\u00bbvisible\u00a0\u00bb overlay_strength=\u00a0\u00bb0.3&Prime; gradient_direction=\u00a0\u00bbleft_to_right\u00a0\u00bb shape_divider_position=\u00a0\u00bbbottom\u00a0\u00bb bg_image_animation=\u00a0\u00bbnone\u00a0\u00bb][vc_column column_padding=\u00a0\u00bbno-extra-padding\u00a0\u00bb column_padding_tablet=\u00a0\u00bbinherit\u00a0\u00bb column_padding_phone=\u00a0\u00bbinherit\u00a0\u00bb column_padding_position=\u00a0\u00bball\u00a0\u00bb top_margin=\u00a0\u00bb5%\u00a0\u00bb constrain_group_1=\u00a0\u00bbyes\u00a0\u00bb bottom_margin=\u00a0\u00bb5%\u00a0\u00bb column_element_spacing=\u00a0\u00bbdefault\u00a0\u00bb background_color_opacity=\u00a0\u00bb1&Prime; background_hover_color_opacity=\u00a0\u00bb1&Prime; column_shadow=\u00a0\u00bbnone\u00a0\u00bb column_border_radius=\u00a0\u00bbnone\u00a0\u00bb column_link_target=\u00a0\u00bb_self\u00a0\u00bb column_position=\u00a0\u00bbdefault\u00a0\u00bb advanced_gradient_angle=\u00a0\u00bb0&Prime; gradient_direction=\u00a0\u00bbleft_to_right\u00a0\u00bb overlay_strength=\u00a0\u00bb0.3&Prime; width=\u00a0\u00bb1\/1&Prime; tablet_width_inherit=\u00a0\u00bbdefault\u00a0\u00bb tablet_text_alignment=\u00a0\u00bbdefault\u00a0\u00bb phone_text_alignment=\u00a0\u00bbdefault\u00a0\u00bb animation_type=\u00a0\u00bbdefault\u00a0\u00bb bg_image_animation=\u00a0\u00bbnone\u00a0\u00bb border_type=\u00a0\u00bbsimple\u00a0\u00bb column_border_width=\u00a0\u00bbnone\u00a0\u00bb column_border_style=\u00a0\u00bbsolid\u00a0\u00bb gradient_type=\u00a0\u00bbdefault\u00a0\u00bb][split_line_heading animation_type=\u00a0\u00bbline-reveal-by-space\u00a0\u00bb font_style=\u00a0\u00bbh2&Prime; text_color=\u00a0\u00bb#dc3d51&Prime; line_reveal_by_space_text_effect=\u00a0\u00bbdefault\u00a0\u00bb stagger_animation=\u00a0\u00bbtrue\u00a0\u00bb content_alignment=\u00a0\u00bbcenter\u00a0\u00bb mobile_content_alignment=\u00a0\u00bbinherit\u00a0\u00bb link_target=\u00a0\u00bb_self\u00a0\u00bb text_content=\u00a0\u00bbFormulaire de contact\u00a0\u00bb animation_delay=\u00a0\u00bb150&Prime;][\/split_line_heading][divider line_type=\u00a0\u00bbSmall Line\u00a0\u00bb line_alignment=\u00a0\u00bbcenter\u00a0\u00bb line_thickness=\u00a0\u00bb1&Prime; divider_color=\u00a0\u00bbaccent-color\u00a0\u00bb animate=\u00a0\u00bbyes\u00a0\u00bb][vc_column_text css_animation=\u00a0\u00bbfadeInUp\u00a0\u00bb]\n<h4 style=\"text-align: center;\">Une question ? Contactez-nous !<\/h4>\n<h4 style=\"text-align: center;\">Nous vous r\u00e9pondrons dans les plus brefs d\u00e9lais (nous ne conservons aucunes donn\u00e9es)<\/h4>\n[\/vc_column_text][vc_raw_html]JTVCY29udGFjdC1mb3JtLTclMjBpZCUzRCUyMjc2JTIyJTIwdGl0bGUlM0QlMjJGb3JtdWxhaXJlJTIwZGUlMjBjb250YWN0JTIwLSUyMGNsYXJvcGxhc3QlMjIlNUQ=[\/vc_raw_html][\/vc_column][\/vc_row][vc_row type=\u00a0\u00bbin_container\u00a0\u00bb full_screen_row_position=\u00a0\u00bbmiddle\u00a0\u00bb column_margin=\u00a0\u00bbdefault\u00a0\u00bb column_direction=\u00a0\u00bbdefault\u00a0\u00bb column_direction_tablet=\u00a0\u00bbdefault\u00a0\u00bb column_direction_phone=\u00a0\u00bbdefault\u00a0\u00bb scene_position=\u00a0\u00bbcenter\u00a0\u00bb text_color=\u00a0\u00bbdark\u00a0\u00bb text_align=\u00a0\u00bbleft\u00a0\u00bb row_border_radius=\u00a0\u00bbnone\u00a0\u00bb row_border_radius_applies=\u00a0\u00bbbg\u00a0\u00bb overflow=\u00a0\u00bbvisible\u00a0\u00bb overlay_strength=\u00a0\u00bb0.3&Prime; gradient_direction=\u00a0\u00bbleft_to_right\u00a0\u00bb shape_divider_position=\u00a0\u00bbbottom\u00a0\u00bb bg_image_animation=\u00a0\u00bbnone\u00a0\u00bb][vc_column column_padding=\u00a0\u00bbno-extra-padding\u00a0\u00bb column_padding_tablet=\u00a0\u00bbinherit\u00a0\u00bb column_padding_phone=\u00a0\u00bbinherit\u00a0\u00bb column_padding_position=\u00a0\u00bball\u00a0\u00bb column_element_spacing=\u00a0\u00bbdefault\u00a0\u00bb background_color_opacity=\u00a0\u00bb1&Prime; background_hover_color_opacity=\u00a0\u00bb1&Prime; column_shadow=\u00a0\u00bbnone\u00a0\u00bb column_border_radius=\u00a0\u00bbnone\u00a0\u00bb column_link_target=\u00a0\u00bb_self\u00a0\u00bb column_position=\u00a0\u00bbdefault\u00a0\u00bb gradient_direction=\u00a0\u00bbleft_to_right\u00a0\u00bb overlay_strength=\u00a0\u00bb0.3&Prime; width=\u00a0\u00bb1\/1&Prime; tablet_width_inherit=\u00a0\u00bbdefault\u00a0\u00bb tablet_text_alignment=\u00a0\u00bbdefault\u00a0\u00bb phone_text_alignment=\u00a0\u00bbdefault\u00a0\u00bb animation_type=\u00a0\u00bbdefault\u00a0\u00bb bg_image_animation=\u00a0\u00bbnone\u00a0\u00bb border_type=\u00a0\u00bbsimple\u00a0\u00bb column_border_width=\u00a0\u00bbnone\u00a0\u00bb column_border_style=\u00a0\u00bbsolid\u00a0\u00bb][split_line_heading animation_type=\u00a0\u00bbline-reveal-by-space\u00a0\u00bb font_style=\u00a0\u00bbh2&Prime; text_color=\u00a0\u00bb#dc3d51&Prime; line_reveal_by_space_text_effect=\u00a0\u00bbdefault\u00a0\u00bb stagger_animation=\u00a0\u00bbtrue\u00a0\u00bb content_alignment=\u00a0\u00bbcenter\u00a0\u00bb mobile_content_alignment=\u00a0\u00bbinherit\u00a0\u00bb link_target=\u00a0\u00bb_self\u00a0\u00bb text_content=\u00a0\u00bbNous trouver\u00a0\u00bb animation_delay=\u00a0\u00bb150&Prime;][\/split_line_heading][divider line_type=\u00a0\u00bbSmall Line\u00a0\u00bb line_alignment=\u00a0\u00bbcenter\u00a0\u00bb line_thickness=\u00a0\u00bb1&Prime; divider_color=\u00a0\u00bbaccent-color\u00a0\u00bb animate=\u00a0\u00bbyes\u00a0\u00bb][\/vc_column][\/vc_row][vc_row type=\u00a0\u00bbin_container\u00a0\u00bb full_screen_row_position=\u00a0\u00bbmiddle\u00a0\u00bb column_margin=\u00a0\u00bbnone\u00a0\u00bb equal_height=\u00a0\u00bbyes\u00a0\u00bb column_direction=\u00a0\u00bbdefault\u00a0\u00bb column_direction_tablet=\u00a0\u00bbdefault\u00a0\u00bb column_direction_phone=\u00a0\u00bbdefault\u00a0\u00bb bg_color=\u00a0\u00bb#f9f9f9&Prime; scene_position=\u00a0\u00bbcenter\u00a0\u00bb constrain_group_2=\u00a0\u00bbyes\u00a0\u00bb left_margin=\u00a0\u00bb5%\u00a0\u00bb constrain_group_8=\u00a0\u00bbyes\u00a0\u00bb right_margin=\u00a0\u00bb5%\u00a0\u00bb text_color=\u00a0\u00bblight\u00a0\u00bb text_align=\u00a0\u00bbleft\u00a0\u00bb row_border_radius=\u00a0\u00bbnone\u00a0\u00bb row_border_radius_applies=\u00a0\u00bbbg\u00a0\u00bb overflow=\u00a0\u00bbvisible\u00a0\u00bb advanced_gradient_angle=\u00a0\u00bb0&Prime; overlay_strength=\u00a0\u00bb0.3&Prime; gradient_direction=\u00a0\u00bbleft_to_right\u00a0\u00bb shape_divider_position=\u00a0\u00bbbottom\u00a0\u00bb bg_image_animation=\u00a0\u00bbnone\u00a0\u00bb gradient_type=\u00a0\u00bbdefault\u00a0\u00bb shape_type=\u00a0\u00bb\u00a0\u00bb][vc_column column_padding=\u00a0\u00bbno-extra-padding\u00a0\u00bb column_padding_tablet=\u00a0\u00bbinherit\u00a0\u00bb column_padding_phone=\u00a0\u00bbinherit\u00a0\u00bb column_padding_position=\u00a0\u00bball\u00a0\u00bb column_element_spacing=\u00a0\u00bbdefault\u00a0\u00bb background_color_opacity=\u00a0\u00bb1&Prime; background_hover_color_opacity=\u00a0\u00bb1&Prime; column_shadow=\u00a0\u00bbnone\u00a0\u00bb column_border_radius=\u00a0\u00bbnone\u00a0\u00bb column_link_target=\u00a0\u00bb_self\u00a0\u00bb column_position=\u00a0\u00bbdefault\u00a0\u00bb gradient_direction=\u00a0\u00bbleft_to_right\u00a0\u00bb overlay_strength=\u00a0\u00bb0.3&Prime; width=\u00a0\u00bb1\/2&Prime; tablet_width_inherit=\u00a0\u00bbdefault\u00a0\u00bb tablet_text_alignment=\u00a0\u00bbdefault\u00a0\u00bb phone_text_alignment=\u00a0\u00bbdefault\u00a0\u00bb animation_type=\u00a0\u00bbdefault\u00a0\u00bb enable_animation=\u00a0\u00bbtrue\u00a0\u00bb animation=\u00a0\u00bbgrow-in\u00a0\u00bb bg_image_animation=\u00a0\u00bbnone\u00a0\u00bb border_type=\u00a0\u00bbsimple\u00a0\u00bb column_border_width=\u00a0\u00bbnone\u00a0\u00bb column_border_style=\u00a0\u00bbsolid\u00a0\u00bb delay=\u00a0\u00bb200&Prime;][nectar_gmap map_type=\u00a0\u00bbleaflet\u00a0\u00bb zoom=\u00a0\u00bb14&Prime; marker_style=\u00a0\u00bbdefault\u00a0\u00bb color=\u00a0\u00bbaccent-color\u00a0\u00bb map_center_lat=\u00a0\u00bb48.31413&Prime; map_center_lng=\u00a0\u00bb4.07925&Prime; map_markers=\u00a0\u00bb48.31413|4.07925|Claroplast\u00a0\u00bb size=\u00a0\u00bb350&Prime;][\/vc_column][vc_column column_padding=\u00a0\u00bbpadding-3-percent\u00a0\u00bb column_padding_tablet=\u00a0\u00bbinherit\u00a0\u00bb column_padding_phone=\u00a0\u00bbinherit\u00a0\u00bb column_padding_position=\u00a0\u00bball\u00a0\u00bb column_element_spacing=\u00a0\u00bbdefault\u00a0\u00bb background_color=\u00a0\u00bb#f9f9f9&Prime; background_color_opacity=\u00a0\u00bb1&Prime; background_hover_color_opacity=\u00a0\u00bb1&Prime; background_image=\u00a0\u00bb123&Prime; background_image_position=\u00a0\u00bbcenter center\u00a0\u00bb enable_bg_scale=\u00a0\u00bbtrue\u00a0\u00bb background_image_loading=\u00a0\u00bbdefault\u00a0\u00bb font_color=\u00a0\u00bb#b4b5b4&Prime; column_shadow=\u00a0\u00bbnone\u00a0\u00bb column_border_radius=\u00a0\u00bbnone\u00a0\u00bb column_link_target=\u00a0\u00bb_self\u00a0\u00bb column_position=\u00a0\u00bbdefault\u00a0\u00bb advanced_gradient_angle=\u00a0\u00bb0&Prime; gradient_direction=\u00a0\u00bbleft_to_right\u00a0\u00bb overlay_strength=\u00a0\u00bb0.3&Prime; width=\u00a0\u00bb1\/2&Prime; tablet_width_inherit=\u00a0\u00bbdefault\u00a0\u00bb tablet_text_alignment=\u00a0\u00bbdefault\u00a0\u00bb phone_text_alignment=\u00a0\u00bbdefault\u00a0\u00bb animation_type=\u00a0\u00bbdefault\u00a0\u00bb enable_animation=\u00a0\u00bbtrue\u00a0\u00bb animation=\u00a0\u00bbgrow-in\u00a0\u00bb bg_image_animation=\u00a0\u00bbnone\u00a0\u00bb border_type=\u00a0\u00bbsimple\u00a0\u00bb column_border_width=\u00a0\u00bbnone\u00a0\u00bb column_border_style=\u00a0\u00bbsolid\u00a0\u00bb delay=\u00a0\u00bb300&Prime; gradient_type=\u00a0\u00bbdefault\u00a0\u00bb][vc_column_text css_animation=\u00a0\u00bbfadeInUp\u00a0\u00bb]\n<h4><span style=\"color: #333333;\">Adresse<\/span><\/h4>\n<p><span style=\"color: #333333;\">5 Rue du Labourat<br \/>\nZI les Ecrevolles<br \/>\nBP 37<br \/>\n10901 TROYES CEDEX 9<\/span><\/p>\n<h4><span style=\"color: #333333;\">Horaires d&rsquo;ouverture<\/span><\/h4>\n<p><span style=\"color: #333333;\">Du lundi au vendredi de 9h \u00e0 12h et de 14h \u00e0 17h<\/span>[\/vc_column_text][\/vc_column][\/vc_row]\n","protected":false},"excerpt":{"rendered":"<p>[vc_row type=\u00a0\u00bbfull_width_content\u00a0\u00bb full_screen_row_position=\u00a0\u00bbmiddle\u00a0\u00bb column_margin=\u00a0\u00bbdefault\u00a0\u00bb column_direction=\u00a0\u00bbdefault\u00a0\u00bb column_direction_tablet=\u00a0\u00bbdefault\u00a0\u00bb column_direction_phone=\u00a0\u00bbdefault\u00a0\u00bb bg_color=\u00a0\u00bb#2b323a\u00a0\u00bb bg_image=\u00a0\u00bb192&Prime; bg_position=\u00a0\u00bbcenter center\u00a0\u00bb background_image_loading=\u00a0\u00bbdefault\u00a0\u00bb bg_repeat=\u00a0\u00bbno-repeat\u00a0\u00bb scene_position=\u00a0\u00bbcenter\u00a0\u00bb top_padding=\u00a0\u00bb10%\u00a0\u00bb constrain_group_1=\u00a0\u00bbyes\u00a0\u00bb bottom_padding=\u00a0\u00bb10%\u00a0\u00bb left_padding_desktop=\u00a0\u00bb8%\u00a0\u00bb constrain_group_2=\u00a0\u00bbyes\u00a0\u00bb right_padding_desktop=\u00a0\u00bb8%\u00a0\u00bb text_color=\u00a0\u00bblight\u00a0\u00bb text_align=\u00a0\u00bbleft\u00a0\u00bb row_border_radius=\u00a0\u00bbnone\u00a0\u00bb row_border_radius_applies=\u00a0\u00bbbg\u00a0\u00bb zindex=\u00a0\u00bb100&Prime; overflow=\u00a0\u00bbhidden\u00a0\u00bb color_overlay=\u00a0\u00bbrgba(51,51,51,0.7)\u00a0\u00bb advanced_gradient_angle=\u00a0\u00bb0&Prime; overlay_strength=\u00a0\u00bb0.8&Prime; gradient_direction=\u00a0\u00bbradial\u00a0\u00bb&#8230;<\/p>\n","protected":false},"author":1,"featured_media":0,"parent":0,"menu_order":0,"comment_status":"closed","ping_status":"closed","template":"","meta":{"footnotes":""},"class_list":["post-66","page","type-page","status-publish"],"yoast_head":"<!-- This site is optimized with the Yoast SEO plugin v27.4 - https:\/\/yoast.com\/product\/yoast-seo-wordpress\/ -->\n<title>Nous contacter - CLAROPLAST<\/title>\n<meta name=\"description\" content=\"Besoin de renseignement ? D&#039;un devis ? Remplissez le formulaire de contact ou appelez nous ! On vous r\u00e9pondra rapidement !\" \/>\n<meta name=\"robots\" content=\"index, follow, max-snippet:-1, max-image-preview:large, max-video-preview:-1\" \/>\n<link rel=\"canonical\" href=\"https:\/\/claroplast.fr\/index.php\/contact\/\" \/>\n<meta property=\"og:locale\" content=\"fr_FR\" \/>\n<meta property=\"og:type\" content=\"article\" \/>\n<meta property=\"og:title\" content=\"Nous contacter - CLAROPLAST\" \/>\n<meta property=\"og:description\" content=\"Besoin de renseignement ? D&#039;un devis ? Remplissez le formulaire de contact ou appelez nous ! On vous r\u00e9pondra rapidement !\" \/>\n<meta property=\"og:url\" content=\"https:\/\/claroplast.fr\/index.php\/contact\/\" \/>\n<meta property=\"og:site_name\" content=\"CLAROPLAST\" \/>\n<meta property=\"article:modified_time\" content=\"2022-06-19T13:34:44+00:00\" \/>\n<meta name=\"twitter:card\" content=\"summary_large_image\" \/>\n<meta name=\"twitter:label1\" content=\"Dur\u00e9e de lecture estim\u00e9e\" \/>\n\t<meta name=\"twitter:data1\" content=\"5 minutes\" \/>\n<script type=\"application\/ld+json\" class=\"yoast-schema-graph\">{\"@context\":\"https:\\\/\\\/schema.org\",\"@graph\":[{\"@type\":\"WebPage\",\"@id\":\"https:\\\/\\\/claroplast.fr\\\/index.php\\\/contact\\\/\",\"url\":\"https:\\\/\\\/claroplast.fr\\\/index.php\\\/contact\\\/\",\"name\":\"Nous contacter - CLAROPLAST\",\"isPartOf\":{\"@id\":\"https:\\\/\\\/claroplast.fr\\\/#website\"},\"datePublished\":\"2022-04-17T13:21:52+00:00\",\"dateModified\":\"2022-06-19T13:34:44+00:00\",\"description\":\"Besoin de renseignement ? D'un devis ? Remplissez le formulaire de contact ou appelez nous ! On vous r\u00e9pondra rapidement !\",\"breadcrumb\":{\"@id\":\"https:\\\/\\\/claroplast.fr\\\/index.php\\\/contact\\\/#breadcrumb\"},\"inLanguage\":\"fr-FR\",\"potentialAction\":[{\"@type\":\"ReadAction\",\"target\":[\"https:\\\/\\\/claroplast.fr\\\/index.php\\\/contact\\\/\"]}]},{\"@type\":\"BreadcrumbList\",\"@id\":\"https:\\\/\\\/claroplast.fr\\\/index.php\\\/contact\\\/#breadcrumb\",\"itemListElement\":[{\"@type\":\"ListItem\",\"position\":1,\"name\":\"Accueil\",\"item\":\"https:\\\/\\\/claroplast.fr\\\/\"},{\"@type\":\"ListItem\",\"position\":2,\"name\":\"Nous contacter\"}]},{\"@type\":\"WebSite\",\"@id\":\"https:\\\/\\\/claroplast.fr\\\/#website\",\"url\":\"https:\\\/\\\/claroplast.fr\\\/\",\"name\":\"CLAROPLAST\",\"description\":\"D\u00e9couvrez le monde de la fen\u00eatre PVC\",\"publisher\":{\"@id\":\"https:\\\/\\\/claroplast.fr\\\/#organization\"},\"potentialAction\":[{\"@type\":\"SearchAction\",\"target\":{\"@type\":\"EntryPoint\",\"urlTemplate\":\"https:\\\/\\\/claroplast.fr\\\/?s={search_term_string}\"},\"query-input\":{\"@type\":\"PropertyValueSpecification\",\"valueRequired\":true,\"valueName\":\"search_term_string\"}}],\"inLanguage\":\"fr-FR\"},{\"@type\":\"Organization\",\"@id\":\"https:\\\/\\\/claroplast.fr\\\/#organization\",\"name\":\"CLAROPLAST\",\"url\":\"https:\\\/\\\/claroplast.fr\\\/\",\"logo\":{\"@type\":\"ImageObject\",\"inLanguage\":\"fr-FR\",\"@id\":\"https:\\\/\\\/claroplast.fr\\\/#\\\/schema\\\/logo\\\/image\\\/\",\"url\":\"https:\\\/\\\/claroplast.fr\\\/wp-content\\\/uploads\\\/2022\\\/04\\\/cropped-Claroplast-KPT.jpg\",\"contentUrl\":\"https:\\\/\\\/claroplast.fr\\\/wp-content\\\/uploads\\\/2022\\\/04\\\/cropped-Claroplast-KPT.jpg\",\"width\":512,\"height\":512,\"caption\":\"CLAROPLAST\"},\"image\":{\"@id\":\"https:\\\/\\\/claroplast.fr\\\/#\\\/schema\\\/logo\\\/image\\\/\"}}]}<\/script>\n<!-- \/ Yoast SEO plugin. -->","yoast_head_json":{"title":"Nous contacter - CLAROPLAST","description":"Besoin de renseignement ? D'un devis ? Remplissez le formulaire de contact ou appelez nous ! On vous r\u00e9pondra rapidement !","robots":{"index":"index","follow":"follow","max-snippet":"max-snippet:-1","max-image-preview":"max-image-preview:large","max-video-preview":"max-video-preview:-1"},"canonical":"https:\/\/claroplast.fr\/index.php\/contact\/","og_locale":"fr_FR","og_type":"article","og_title":"Nous contacter - CLAROPLAST","og_description":"Besoin de renseignement ? D'un devis ? Remplissez le formulaire de contact ou appelez nous ! On vous r\u00e9pondra rapidement !","og_url":"https:\/\/claroplast.fr\/index.php\/contact\/","og_site_name":"CLAROPLAST","article_modified_time":"2022-06-19T13:34:44+00:00","twitter_card":"summary_large_image","twitter_misc":{"Dur\u00e9e de lecture estim\u00e9e":"5 minutes"},"schema":{"@context":"https:\/\/schema.org","@graph":[{"@type":"WebPage","@id":"https:\/\/claroplast.fr\/index.php\/contact\/","url":"https:\/\/claroplast.fr\/index.php\/contact\/","name":"Nous contacter - CLAROPLAST","isPartOf":{"@id":"https:\/\/claroplast.fr\/#website"},"datePublished":"2022-04-17T13:21:52+00:00","dateModified":"2022-06-19T13:34:44+00:00","description":"Besoin de renseignement ? D'un devis ? Remplissez le formulaire de contact ou appelez nous ! On vous r\u00e9pondra rapidement !","breadcrumb":{"@id":"https:\/\/claroplast.fr\/index.php\/contact\/#breadcrumb"},"inLanguage":"fr-FR","potentialAction":[{"@type":"ReadAction","target":["https:\/\/claroplast.fr\/index.php\/contact\/"]}]},{"@type":"BreadcrumbList","@id":"https:\/\/claroplast.fr\/index.php\/contact\/#breadcrumb","itemListElement":[{"@type":"ListItem","position":1,"name":"Accueil","item":"https:\/\/claroplast.fr\/"},{"@type":"ListItem","position":2,"name":"Nous contacter"}]},{"@type":"WebSite","@id":"https:\/\/claroplast.fr\/#website","url":"https:\/\/claroplast.fr\/","name":"CLAROPLAST","description":"D\u00e9couvrez le monde de la fen\u00eatre PVC","publisher":{"@id":"https:\/\/claroplast.fr\/#organization"},"potentialAction":[{"@type":"SearchAction","target":{"@type":"EntryPoint","urlTemplate":"https:\/\/claroplast.fr\/?s={search_term_string}"},"query-input":{"@type":"PropertyValueSpecification","valueRequired":true,"valueName":"search_term_string"}}],"inLanguage":"fr-FR"},{"@type":"Organization","@id":"https:\/\/claroplast.fr\/#organization","name":"CLAROPLAST","url":"https:\/\/claroplast.fr\/","logo":{"@type":"ImageObject","inLanguage":"fr-FR","@id":"https:\/\/claroplast.fr\/#\/schema\/logo\/image\/","url":"https:\/\/claroplast.fr\/wp-content\/uploads\/2022\/04\/cropped-Claroplast-KPT.jpg","contentUrl":"https:\/\/claroplast.fr\/wp-content\/uploads\/2022\/04\/cropped-Claroplast-KPT.jpg","width":512,"height":512,"caption":"CLAROPLAST"},"image":{"@id":"https:\/\/claroplast.fr\/#\/schema\/logo\/image\/"}}]}},"_links":{"self":[{"href":"https:\/\/claroplast.fr\/index.php\/wp-json\/wp\/v2\/pages\/66","targetHints":{"allow":["GET"]}}],"collection":[{"href":"https:\/\/claroplast.fr\/index.php\/wp-json\/wp\/v2\/pages"}],"about":[{"href":"https:\/\/claroplast.fr\/index.php\/wp-json\/wp\/v2\/types\/page"}],"author":[{"embeddable":true,"href":"https:\/\/claroplast.fr\/index.php\/wp-json\/wp\/v2\/users\/1"}],"replies":[{"embeddable":true,"href":"https:\/\/claroplast.fr\/index.php\/wp-json\/wp\/v2\/comments?post=66"}],"version-history":[{"count":15,"href":"https:\/\/claroplast.fr\/index.php\/wp-json\/wp\/v2\/pages\/66\/revisions"}],"predecessor-version":[{"id":585,"href":"https:\/\/claroplast.fr\/index.php\/wp-json\/wp\/v2\/pages\/66\/revisions\/585"}],"wp:attachment":[{"href":"https:\/\/claroplast.fr\/index.php\/wp-json\/wp\/v2\/media?parent=66"}],"curies":[{"name":"wp","href":"https:\/\/api.w.org\/{rel}","templated":true}]}}